{"id":5036,"date":"2026-01-21T09:27:00","date_gmt":"2026-01-21T14:27:00","guid":{"rendered":"https:\/\/beaverbrookartgallery.org\/?page_id=5036"},"modified":"2026-01-21T09:27:01","modified_gmt":"2026-01-21T14:27:01","slug":"celebrating-adda-family-day-at-the-beaverbrook","status":"publish","type":"page","link":"https:\/\/beaverbrookartgallery.org\/fr\/celebrating-adda-family-day-at-the-beaverbrook\/","title":{"rendered":"C\u00e9l\u00e9brons Adda : Journ\u00e9e familiale au Beaverbrook !"},"content":{"rendered":"<p>Cette journ\u00e9e familiale au Beaverbrook est une c\u00e9l\u00e9bration sp\u00e9ciale en l'honneur d'Adda Mihailescu et de son h\u00e9ritage remarquable dans les domaines de l'\u00e9ducation artistique, de la cr\u00e9ativit\u00e9 et des liens communautaires. Pendant pr\u00e8s de 30 ans, Adda a fa\u00e7onn\u00e9 la fa\u00e7on dont les familles, les enfants, les enseignants et les visiteurs ont v\u00e9cu l'exp\u00e9rience de la galerie gr\u00e2ce \u00e0 un apprentissage pratique, des espaces accueillants et des programmes qui refl\u00e9taient les nombreuses histoires de notre communaut\u00e9. Joignez-vous \u00e0 nous pour une journ\u00e9e dynamique et accueillante plac\u00e9e sous le signe de la cr\u00e9ativit\u00e9, inspir\u00e9e par la conviction d'Adda que l'art est pour tout le monde !<\/p>\n\n\n\n<p class=\"has-text-align-center\"><strong>Monday, February 16, from 12 p.m. to 3 p.m.<\/strong><\/p>\n\n\n\n<p class=\"has-text-align-center\"><em>Admission is complimentary, but donations are appreciated and support future Family Days.              Thank you for your support!<\/em><\/p>\n\n\n\n<p>Enjoy activities with Peggy Holt,\u202fChristina Thomson, Jackson Fuller, Kira Tecu, Annabelle Babineau, and the Multicultural Association of Fredericton (MCAF)!<\/p>\n\n\n\n<p><strong>Les activit\u00e9s comprennent :<\/strong><\/p>\n\n\n\n<p><strong>Centre d'apprentissage RBC<\/strong><\/p>\n\n\n\n<ul class=\"wp-block-list\">\n<li><strong>Plasticine Still-Life with Peggy Holt:<\/strong> Be like the graduates in <em>Un appel artistique : le rayonnement des beaux-arts \u00e0 Mount Allison<\/em> and practice your observation skills using plasticine!<\/li>\n\n\n\n<li>Joignez-vous \u00e0 l'Association multiculturelle de Fredericton pour participer \u00e0 des activit\u00e9s artistiques amusantes et pratiques qui c\u00e9l\u00e8brent la famille, la diversit\u00e9 et la solidarit\u00e9.\n<ul class=\"wp-block-list\">\n<li><strong>Colorful Rainbow:<\/strong> Children will create a bright rainbow using half a paper plate, colorful straws, and markers. This activity invites participants to explore diversity and how different colors come together to form one beautiful whole.<\/li>\n\n\n\n<li><strong>My Family:<\/strong> Les enfants d\u00e9coreront une maison et cr\u00e9eront les membres de leur famille \u00e0 l'aide de b\u00e2tonnets de glace. Chaque b\u00e2tonnet peut \u00eatre peint ou \u00e9tiquet\u00e9 avec les noms des personnes qui composent leur famille, c\u00e9l\u00e9brant ainsi la diversit\u00e9 des formes et des histoires que peuvent avoir les familles.<\/li>\n<\/ul>\n<\/li>\n<\/ul>\n\n\n\n<p><strong>Centre \u00e9ducatif<\/strong><\/p>\n\n\n\n<ul class=\"wp-block-list\">\n<li><strong>Button Making with Jackson Fuller:<\/strong> Create a personalized Family Day memory with a pin to bring home!<\/li>\n\n\n\n<li><strong>Geometric Collage with Kira Tecu:<\/strong> Get inspired by <em>Jennifer Marman et Daniel Borins : Trois dimensions<\/em>, and use bright colours and geometric shapes to create a special collage with construction paper.<\/li>\n<\/ul>\n\n\n\n<p><strong>Artiste en r\u00e9sidence<\/strong><\/p>\n\n\n\n<ul class=\"wp-block-list\">\n<li><strong>Landscape Painting with Christina Thomson:<\/strong> Join artist and educator Christina Thomson to create a small-scale landscape painting inspired by the Canadian Impressionist artists in <em>Un parcours familial : les collections priv\u00e9es de la famille Sobey<\/em>.<\/li>\n<\/ul>\n\n\n\n<p><strong>Main Level<\/strong><\/p>\n\n\n\n<ul class=\"wp-block-list\">\n<li><strong>Storytelling and Fiber Art Demo with Annabelle Babineau:<\/strong> Join artist Annabelle Babineau as she reads her book <em>Debra Bouillette<\/em> and jump into Debra\u2019s world, where everything\u2014including her book\u2014is made of yarn, as she sets off on an adventure to the library. This book was created as a Canada Council for the Arts project and is available in English, French, and Chiac.<\/li>\n<\/ul>\n\n\n\n<p><\/p>","protected":false},"excerpt":{"rendered":"<p>This Family Day at the Beaverbrook is a special celebration in honour of Adda Mihailescu and her remarkable legacy in art education, creativity, and community connection. For nearly 30 years, Adda shaped the way families, children, teachers, and visitors experienced the Gallery through hands-on learning, welcoming spaces, and programs that reflected the many stories of [&hellip;]<\/p>\n","protected":false},"author":10,"featured_media":0,"parent":0,"menu_order":0,"comment_status":"closed","ping_status":"closed","template":"","meta":{"_seopress_robots_primary_cat":"","_seopress_titles_title":"","_seopress_titles_desc":"","_seopress_robots_index":"","footnotes":""},"class_list":["post-5036","page","type-page","status-publish","hentry"],"_links":{"self":[{"href":"https:\/\/beaverbrookartgallery.org\/fr\/wp-json\/wp\/v2\/pages\/5036","targetHints":{"allow":["GET"]}}],"collection":[{"href":"https:\/\/beaverbrookartgallery.org\/fr\/wp-json\/wp\/v2\/pages"}],"about":[{"href":"https:\/\/beaverbrookartgallery.org\/fr\/wp-json\/wp\/v2\/types\/page"}],"author":[{"embeddable":true,"href":"https:\/\/beaverbrookartgallery.org\/fr\/wp-json\/wp\/v2\/users\/10"}],"replies":[{"embeddable":true,"href":"https:\/\/beaverbrookartgallery.org\/fr\/wp-json\/wp\/v2\/comments?post=5036"}],"version-history":[{"count":1,"href":"https:\/\/beaverbrookartgallery.org\/fr\/wp-json\/wp\/v2\/pages\/5036\/revisions"}],"predecessor-version":[{"id":5055,"href":"https:\/\/beaverbrookartgallery.org\/fr\/wp-json\/wp\/v2\/pages\/5036\/revisions\/5055"}],"wp:attachment":[{"href":"https:\/\/beaverbrookartgallery.org\/fr\/wp-json\/wp\/v2\/media?parent=5036"}],"curies":[{"name":"wp","href":"https:\/\/api.w.org\/{rel}","templated":true}]}}